{"id":754,"date":"2025-12-03T14:50:53","date_gmt":"2025-12-03T14:50:53","guid":{"rendered":"https:\/\/medictest.ro\/?page_id=754"},"modified":"2025-12-03T15:33:59","modified_gmt":"2025-12-03T15:33:59","slug":"emet","status":"publish","type":"page","link":"https:\/\/medictest.ro\/index.php\/emet\/","title":{"rendered":"Proiect EMET"},"content":{"rendered":"\t\t<div data-elementor-type=\"wp-page\" data-elementor-id=\"754\" class=\"elementor elementor-754\" data-elementor-post-type=\"page\">\n\t\t\t\t\t\t<section data-particle_enable=\"false\" data-particle-mobile-disabled=\"false\" class=\"elementor-section elementor-top-section elementor-element elementor-element-d21eae5 elementor-section-stretched elementor-reverse-mobile elementor-section-full_width elementor-section-height-min-height elementor-section-height-default elementor-section-items-middle\" data-id=\"d21eae5\" data-element_type=\"section\" data-e-type=\"section\" data-settings=\"{&quot;stretch_section&quot;:&quot;section-stretched&quot;,&quot;background_background&quot;:&quot;classic&quot;,&quot;shape_divider_bottom&quot;:&quot;waves&quot;,&quot;shape_divider_bottom_negative&quot;:&quot;yes&quot;}\">\n\t\t\t\t\t\t\t<div class=\"elementor-background-overlay\"><\/div>\n\t\t\t\t\t\t<div class=\"elementor-shape elementor-shape-bottom\" aria-hidden=\"true\" data-negative=\"true\">\n\t\t\t<svg xmlns=\"http:\/\/www.w3.org\/2000\/svg\" viewBox=\"0 0 1000 100\" preserveAspectRatio=\"none\">\n\t<path class=\"elementor-shape-fill\" d=\"M790.5,93.1c-59.3-5.3-116.8-18-192.6-50c-29.6-12.7-76.9-31-100.5-35.9c-23.6-4.9-52.6-7.8-75.5-5.3\n\tc-10.2,1.1-22.6,1.4-50.1,7.4c-27.2,6.3-58.2,16.6-79.4,24.7c-41.3,15.9-94.9,21.9-134,22.6C72,58.2,0,25.8,0,25.8V100h1000V65.3\n\tc0,0-51.5,19.4-106.2,25.7C839.5,97,814.1,95.2,790.5,93.1z\"\/>\n<\/svg>\t\t<\/div>\n\t\t\t\t\t<div class=\"elementor-container elementor-column-gap-default\">\n\t\t\t\t\t<div class=\"elementor-column elementor-col-100 elementor-top-column elementor-element elementor-element-1489d4c\" data-id=\"1489d4c\" data-element_type=\"column\" data-e-type=\"column\" data-settings=\"{&quot;background_background&quot;:&quot;classic&quot;}\">\n\t\t\t<div class=\"elementor-widget-wrap elementor-element-populated\">\n\t\t\t\t\t<div class=\"elementor-background-overlay\"><\/div>\n\t\t\t\t\t\t<div class=\"elementor-element elementor-element-00b9f18 animated-fast elementor-invisible elementor-widget elementor-widget-heading\" data-id=\"00b9f18\" data-element_type=\"widget\" data-e-type=\"widget\" data-settings=\"{&quot;_animation&quot;:&quot;fadeInUp&quot;,&quot;_animation_delay&quot;:300}\" data-widget_type=\"heading.default\">\n\t\t\t\t<div class=\"elementor-widget-container\">\n\t\t\t\t\t<h3 class=\"elementor-heading-title elementor-size-default\">EMET<\/h3>\t\t\t\t<\/div>\n\t\t\t\t<\/div>\n\t\t\t\t<div class=\"elementor-element elementor-element-4ff0d7a elementor-widget elementor-widget-text-editor\" data-id=\"4ff0d7a\" data-element_type=\"widget\" data-e-type=\"widget\" data-widget_type=\"text-editor.default\">\n\t\t\t\t<div class=\"elementor-widget-container\">\n\t\t\t\t\t\t\t\t\tImplementarea unui protocol avansat pentru eviden\u021bierea metil\u0103rii ADN<br> \u00een s\u00e2ngele pacien\u021bilor cu cancer colorectal: colaborare strategic\u0103 pentru monitorizarea non-invaziv\u0103\t\t\t\t\t\t\t\t<\/div>\n\t\t\t\t<\/div>\n\t\t\t\t\t<\/div>\n\t\t<\/div>\n\t\t\t\t\t<\/div>\n\t\t<\/section>\n\t\t\t\t<section data-particle_enable=\"false\" data-particle-mobile-disabled=\"false\" class=\"elementor-section elementor-top-section elementor-element elementor-element-7b70e46 elementor-section-boxed elementor-section-height-default elementor-section-height-default\" data-id=\"7b70e46\" data-element_type=\"section\" data-e-type=\"section\">\n\t\t\t\t\t\t<div class=\"elementor-container elementor-column-gap-default\">\n\t\t\t\t\t<div class=\"elementor-column elementor-col-100 elementor-top-column elementor-element elementor-element-053a5d2\" data-id=\"053a5d2\" data-element_type=\"column\" data-e-type=\"column\">\n\t\t\t<div class=\"elementor-widget-wrap elementor-element-populated\">\n\t\t\t\t\t\t<div class=\"elementor-element elementor-element-90bb63d animated-fast elementor-invisible elementor-widget elementor-widget-text-editor\" data-id=\"90bb63d\" data-element_type=\"widget\" data-e-type=\"widget\" data-settings=\"{&quot;_animation&quot;:&quot;fadeIn&quot;,&quot;_animation_delay&quot;:500}\" data-widget_type=\"text-editor.default\">\n\t\t\t\t<div class=\"elementor-widget-container\">\n\t\t\t\t\t\t\t\t\t<p><strong>Titlu proiect:<\/strong> Implementarea unui protocol avansat pentru eviden\u021bierea metil\u0103rii ADN \u00een s\u00e2ngele pacien\u021bilor cu cancer colorectal: colaborare strategic\u0103 pentru monitorizarea non-invaziv\u0103<\/p><p><strong>Acronim: EMET<\/strong><\/p><p><strong>Num\u0103r: P4-P7-198\/13.06.2025, 50PTE\/2025<\/strong><\/p><p><strong>Buget:<\/strong> 1.692.000 lei (total) din care 1.500.000 lei de la bugetul de stat \u0219i 192.000 lei co-finan\u021bare<\/p><p><strong>Rezumat:<\/strong> Cancerul colorectal (CRC) este cel mai frecvent tip de cancer diagnosticat \u00een prezent \u00een Rom\u00e2nia \u0219i al treilea cel mai frecvent tip de cancer diagnosticat la nivel mondial. Apari\u021bia cancerului colorectal este asociat\u0103 pe de o parte cu o serie de modific\u0103ri moleculare dar \u0219i cu o serie de modific\u0103ri \u00een modelele de metilare ADN (at\u00e2t evenimente de hipermetilare c\u00e2t \u0219i de hipometilare). Aceste modele de metilare a ADN reprezint\u0103 de asemenea \u0219i biomarkeri promi\u021b\u0103tori pentru detectarea CRC, prognostic \u0219i personalizarea terapiei. metilarea ADN joac\u0103 un rol esen\u021bial \u00een CRC, oferind perspective asupra mecanismelor de progresie a bolii, poten\u021biali biomarkeri pentru detectare \u0219i prognostic \u0219i \u021binte pentru interven\u021bia terapeutic\u0103. \u00cen acest context, <strong>SCOPUL proiectului EMET<\/strong> este acela de a implementa pe pia\u021ba din Rom\u00e2nia o analiz\u0103 a profilului de metilare al ADN din s\u00e2nge periferic (biopsie lichid\u0103) \u00een cancerul colorectal pentru screening, monitorizare \u0219i personalizare a terapiei. \u00cen acest context, EMET \u00ee\u0219i propune realizarea unui profil al modific\u0103rilor de metilare cfADN c\u00e2t mai complet pentru furnizarea de informa\u021bii relevante medicilor \u0219i pacien\u021bilor. Acest lucru este posibil prin analiza modific\u0103rilor de metilare de la nivelul unui panel de gene de interes.<br \/>SCOPUL proiectului EMET este acela de a implementa pe pia\u021ba din Rom\u00e2nia o analiz\u0103 a profilului de metilare al ADN din s\u00e2nge periferic (biopsie lichid\u0103) \u00een cancerul colorectal pentru screening, monitorizare \u0219i personalizare a terapiei. Aceast\u0103 analiz\u0103 aduce urm\u0103toarele avantaje majore:<\/p><p>\u2981 poate fi folosit\u0103 ca o metod\u0103 de screening pentru detec\u021bia timpurie a CRC la pacien\u021bii care prezint\u0103 factori de risc (v\u00e2rst\u0103, obezitate, fumat, consum de alcool, antecedente oncologice personale sau familiale, etc);<br \/>\u2981 asigur\u0103 o urm\u0103rire \u00een timp real a evolu\u021biei bolii deja diagnosticate, cu posibilitatea de stabilire a unui prognostic;<br \/>\u2981 eviden\u021biaz\u0103 \u00een timp real modific\u0103rile profilului de metilare al ADN care apar \u00een urma administr\u0103rii terapiei;<br \/>\u2981 identificarea timpurie recidivelor, metastazelor sau a bolii minime reziduale la pacien\u021bii care au terminat cura terapeutic\u0103.<\/p><p>\u00cen acest context, EMET \u00ee\u0219i propune realizarea unui profil al modific\u0103rilor de metilare cfADN c\u00e2t mai complet pentru furnizarea de informa\u021bii relevante medicilor \u0219i pacien\u021bilor. Acest lucru este posibil prin analiza modific\u0103rilor de metilare de la nivelul unui panel de gene.<\/p><p><strong>Obiective specifice:<\/strong><\/p><p><strong>OB1<\/strong>: Constituirea lotului de pacien\u021bi pentru studiu; <br \/><strong>OB2<\/strong>: Validarea unui protocol de extrac\u021bie cfADN din s\u00e2nge \u0219i de ADN din \u021besut proasp\u0103t; <br \/><strong>OB3<\/strong>: Optimizarea protocolului de detectare a modific\u0103rilor de metilare ADN din \u021besut proasp\u0103t; <br \/><strong>OB4<\/strong>: Optimizarea protocolului de eviden\u021biere a modific\u0103rilor de metilare cfADN din s\u00e2nge; <br \/><strong>OB5<\/strong>: Corelarea datelor ob\u021binute; <br \/><strong>OB6<\/strong>: Validarea extern\u0103 a rezultatelor; <br \/><strong>OB7<\/strong>: Transferul cuno\u0219terii c\u0103tre operatorul economic; <br \/><strong>OB8<\/strong>: Diseminarea pe scar\u0103 larg\u0103 a rezultatelor proiectului.<\/p><p><img fetchpriority=\"high\" decoding=\"async\" class=\"aligncenter wp-image-772 size-full\" src=\"https:\/\/medictest.ro\/wp-content\/uploads\/2025\/12\/Cancer-colorectal.png\" alt=\"\" width=\"1328\" height=\"1172\" srcset=\"https:\/\/medictest.ro\/wp-content\/uploads\/2025\/12\/Cancer-colorectal.png 1328w, https:\/\/medictest.ro\/wp-content\/uploads\/2025\/12\/Cancer-colorectal-300x265.png 300w, https:\/\/medictest.ro\/wp-content\/uploads\/2025\/12\/Cancer-colorectal-1024x904.png 1024w, https:\/\/medictest.ro\/wp-content\/uploads\/2025\/12\/Cancer-colorectal-768x678.png 768w\" sizes=\"(max-width: 1328px) 100vw, 1328px\" \/><\/p><p><strong>Diseminare:<\/strong><br \/>\u2981 articole<br \/>\u2981 particip\u0103ri la conferin\u021be<br \/>\u2981 A. Hudita, M. Coanda, A. Nicu, D. I. Craciun, D. Stanciu, M. Serban, L. Burlibasa, M. Zamfir, O. Ginghina, D. Nuta, B. Galateanu, Innovative Approaches in Future Colorectal Cancer Management, Eurotox, 14 \u2013 17 September 2025, Atena, Grecia \u2013 prezentare poster<br \/>\u2981 A. Hudi\u021b\u0103, D. Cr\u0103ciun, D. Stanciu, O. Ginghin\u0103, M. Zamfir, M. Mardare, I. Bondoc, A. V\u0103c\u0103ra\u0219u, B. G\u0103l\u0103\u021beanu, Tumor gossip: biomarkeri circulan\u021bi pentru prognostic \u0219i personalizarea terapiei, OncoHub, 27 \u2013 29 Noiembrie 2025, Bucute\u0219ti, Rom\u00e2nia \u2013 prezentare oral\u0103<br \/>\u2981 comunicare pe scar\u0103 larg\u0103<br \/>\u2981 B. G\u0103l\u0103\u021beanu, O. Ginghin\u0103, M. Zamfir, M. Mardare, I. Bondoc, A. V\u0103c\u0103ra\u0219u, A. Hudi\u021b\u0103, \u201cWhat doesn\u2019t kill you, mutates and tries again\u201d &#8211; Biopsia lichid\u0103 ca tactic\u0103 de contraatac \u00een lupta \u00eempotriva cancerului, Breast Surgery &amp; Reconstruction \u2013 Workshop, 19 Septembrie 2025, Spitalul Monza, Bucure\u0219ti, Rom\u00e2nia<\/p>\t\t\t\t\t\t\t\t<\/div>\n\t\t\t\t<\/div>\n\t\t\t\t\t<\/div>\n\t\t<\/div>\n\t\t\t\t\t<\/div>\n\t\t<\/section>\n\t\t\t\t<\/div>\n\t\t","protected":false},"excerpt":{"rendered":"<p>EMET Implementarea unui protocol avansat pentru eviden\u021bierea metil\u0103rii ADN \u00een s\u00e2ngele pacien\u021bilor cu cancer colorectal: colaborare strategic\u0103 pentru monitorizarea non-invaziv\u0103 Titlu proiect: Implementarea unui protocol avansat pentru eviden\u021bierea metil\u0103rii ADN \u00een s\u00e2ngele pacien\u021bilor cu cancer colorectal: colaborare strategic\u0103 pentru monitorizarea non-invaziv\u0103 Acronim: EMET Num\u0103r: P4-P7-198\/13.06.2025, 50PTE\/2025 Buget: 1.692.000 lei (total) din care 1.500.000 lei de [&hellip;]<\/p>\n","protected":false},"author":1,"featured_media":0,"parent":0,"menu_order":0,"comment_status":"closed","ping_status":"closed","template":"elementor_header_footer","meta":{"footnotes":""},"class_list":["post-754","page","type-page","status-publish","hentry"],"_links":{"self":[{"href":"https:\/\/medictest.ro\/index.php\/wp-json\/wp\/v2\/pages\/754","targetHints":{"allow":["GET"]}}],"collection":[{"href":"https:\/\/medictest.ro\/index.php\/wp-json\/wp\/v2\/pages"}],"about":[{"href":"https:\/\/medictest.ro\/index.php\/wp-json\/wp\/v2\/types\/page"}],"author":[{"embeddable":true,"href":"https:\/\/medictest.ro\/index.php\/wp-json\/wp\/v2\/users\/1"}],"replies":[{"embeddable":true,"href":"https:\/\/medictest.ro\/index.php\/wp-json\/wp\/v2\/comments?post=754"}],"version-history":[{"count":8,"href":"https:\/\/medictest.ro\/index.php\/wp-json\/wp\/v2\/pages\/754\/revisions"}],"predecessor-version":[{"id":776,"href":"https:\/\/medictest.ro\/index.php\/wp-json\/wp\/v2\/pages\/754\/revisions\/776"}],"wp:attachment":[{"href":"https:\/\/medictest.ro\/index.php\/wp-json\/wp\/v2\/media?parent=754"}],"curies":[{"name":"wp","href":"https:\/\/api.w.org\/{rel}","templated":true}]}}